{"id":1577,"date":"2026-02-03T11:39:47","date_gmt":"2026-02-03T11:39:47","guid":{"rendered":"https:\/\/nyirsegmez.hu\/?page_id=1577"},"modified":"2026-05-01T15:39:37","modified_gmt":"2026-05-01T15:39:37","slug":"mez-felvasarlasi-arak","status":"publish","type":"page","link":"https:\/\/nyirsegmez.hu\/en\/mez-felvasarlasi-arak\/","title":{"rendered":"M\u00e9z felv\u00e1s\u00e1rl\u00e1si \u00e1rak"},"content":{"rendered":"\t\t<div data-elementor-type=\"wp-page\" data-elementor-id=\"1577\" class=\"elementor elementor-1577\" data-elementor-post-type=\"page\">\n\t\t\t\t<div class=\"elementor-element elementor-element-b59861c e-flex e-con-boxed e-con e-parent\" data-id=\"b59861c\" data-element_type=\"container\" data-e-type=\"container\">\n\t\t\t\t\t<div class=\"e-con-inner\">\n\t\t\t\t<div class=\"elementor-element elementor-element-e858d46 elementor-widget elementor-widget-heading\" data-id=\"e858d46\" data-element_type=\"widget\" data-e-type=\"widget\" data-widget_type=\"heading.default\">\n\t\t\t\t<div class=\"elementor-widget-container\">\n\t\t\t\t\t<h1 class=\"elementor-heading-title elementor-size-default\">M\u00e9z felv\u00e1s\u00e1rl\u00e1si \u00e1rak 2026 \u2013 Ak\u00e1c, napraforg\u00f3 \u00e9s vegyes m\u00e9z<\/h1>\t\t\t\t<\/div>\n\t\t\t\t<\/div>\n\t\t\t\t<div class=\"elementor-element elementor-element-e908676 elementor-widget elementor-widget-heading\" data-id=\"e908676\" data-element_type=\"widget\" data-e-type=\"widget\" data-widget_type=\"heading.default\">\n\t\t\t\t<div class=\"elementor-widget-container\">\n\t\t\t\t\t<h2 class=\"elementor-heading-title elementor-size-default\">M\u00e9zfelv\u00e1s\u00e1rl\u00e1s: Ak\u00e1cm\u00e9z, Vir\u00e1gm\u00e9z, Repcem\u00e9z, Selyemk\u00f3r\u00f3 m\u00e9z, Biom\u00e9z \u00e9s vegyes m\u00e9z\n<\/h2>\t\t\t\t<\/div>\n\t\t\t\t<\/div>\n\t\t\t\t\t<\/div>\n\t\t\t\t<\/div>\n\t\t<div class=\"elementor-element elementor-element-05082d5 e-flex e-con-boxed e-con e-parent\" data-id=\"05082d5\" data-element_type=\"container\" data-e-type=\"container\">\n\t\t\t\t\t<div class=\"e-con-inner\">\n\t\t\t\t<div class=\"elementor-element elementor-element-5efdad4 elementor-widget elementor-widget-text-editor\" data-id=\"5efdad4\" data-element_type=\"widget\" data-e-type=\"widget\" data-widget_type=\"text-editor.default\">\n\t\t\t\t<div class=\"elementor-widget-container\">\n\t\t\t\t\t\t\t\t\t<p>\u00c9rdekl\u0151dj\u00f6n legfrissebb \u00e1rainkr\u00f3l!<br \/>Amennyiben m\u00e9zet k\u00edn\u00e1lna elad\u00e1sra, k\u00e9rj\u00fck, t\u00f6ltse ki az al\u00e1bbi \u0171rlapot, \u00e9s munkat\u00e1rsunk hamarosan felkeresi \u00d6nt a r\u00e9szletekkel. <br \/><br \/>Ha ink\u00e1bb telefonon egyeztetne, h\u00edvjon minket bizalommal:<br \/>\ud83d\udcde<a href=\"tel:+3642282680\"><strong> +36 42 282 680<\/strong><\/a><\/p>\t\t\t\t\t\t\t\t<\/div>\n\t\t\t\t<\/div>\n\t\t\t\t<div class=\"elementor-element elementor-element-a00d1e7 elementor-tablet-button-align-start elementor-button-align-start elementor-invisible elementor-widget elementor-widget-form\" data-id=\"a00d1e7\" data-element_type=\"widget\" data-e-type=\"widget\" data-settings=\"{&quot;step_next_label&quot;:&quot;Next&quot;,&quot;step_previous_label&quot;:&quot;Previous&quot;,&quot;_animation&quot;:&quot;fadeInDown&quot;,&quot;button_width&quot;:&quot;100&quot;,&quot;step_type&quot;:&quot;number_text&quot;,&quot;step_icon_shape&quot;:&quot;circle&quot;}\" data-widget_type=\"form.default\">\n\t\t\t\t<div class=\"elementor-widget-container\">\n\t\t\t\t\t\t\t<form class=\"elementor-form\" method=\"post\" name=\"Aj\u00e1nlatk\u00e9r\u00e9s\" aria-label=\"Aj\u00e1nlatk\u00e9r\u00e9s\" novalidate=\"\">\n\t\t\t<input type=\"hidden\" name=\"post_id\" value=\"1577\"\/>\n\t\t\t<input type=\"hidden\" name=\"form_id\" value=\"a00d1e7\"\/>\n\t\t\t<input type=\"hidden\" name=\"referer_title\" value=\"M\u00e9zfelv\u00e1s\u00e1rl\u00e1si \u00e1rak 2026 | Ny\u00edrs\u00e9g M\u00e9z Kft\" \/>\n\n\t\t\t\t\t\t\t<input type=\"hidden\" name=\"queried_id\" value=\"1577\"\/>\n\t\t\t\n\t\t\t<div class=\"elementor-form-fields-wrapper elementor-labels-above\">\n\t\t\t\t\t\t\t\t<div class=\"elementor-field-type-text elementor-field-group elementor-column elementor-field-group-name elementor-col-50 elementor-md-100 elementor-field-required elementor-mark-required\">\n\t\t\t\t\t\t\t\t\t\t\t\t<label for=\"form-field-name\" class=\"elementor-field-label\">\n\t\t\t\t\t\t\t\tTeljes N\u00e9v\t\t\t\t\t\t\t<\/label>\n\t\t\t\t\t\t\t\t\t\t\t\t\t\t<input size=\"1\" type=\"text\" name=\"form_fields[name]\" id=\"form-field-name\" class=\"elementor-field elementor-size-md  elementor-field-textual\" placeholder=\"Teljes N\u00e9v\" required=\"required\">\n\t\t\t\t\t\t\t\t\t\t\t<\/div>\n\t\t\t\t\t\t\t\t<div class=\"elementor-field-type-tel elementor-field-group elementor-column elementor-field-group-field_f77c348 elementor-col-50 elementor-md-100 elementor-field-required elementor-mark-required\">\n\t\t\t\t\t\t\t\t\t\t\t\t<label for=\"form-field-field_f77c348\" class=\"elementor-field-label\">\n\t\t\t\t\t\t\t\tTelefonsz\u00e1m\t\t\t\t\t\t\t<\/label>\n\t\t\t\t\t\t\t\t<input size=\"1\" type=\"tel\" name=\"form_fields[field_f77c348]\" id=\"form-field-field_f77c348\" class=\"elementor-field elementor-size-md  elementor-field-textual\" placeholder=\"Telefonsz\u00e1m\" required=\"required\" pattern=\"[0-9()#&amp;+*-=.]+\" title=\"Only numbers and phone characters (#, -, *, etc) are accepted.\">\n\n\t\t\t\t\t\t<\/div>\n\t\t\t\t\t\t\t\t<div class=\"elementor-field-type-email elementor-field-group elementor-column elementor-field-group-email elementor-col-100 elementor-field-required elementor-mark-required\">\n\t\t\t\t\t\t\t\t\t\t\t\t<label for=\"form-field-email\" class=\"elementor-field-label\">\n\t\t\t\t\t\t\t\tEmail c\u00edm\t\t\t\t\t\t\t<\/label>\n\t\t\t\t\t\t\t\t\t\t\t\t\t\t<input size=\"1\" type=\"email\" name=\"form_fields[email]\" id=\"form-field-email\" class=\"elementor-field elementor-size-md  elementor-field-textual\" placeholder=\"Email c\u00edm\" required=\"required\">\n\t\t\t\t\t\t\t\t\t\t\t<\/div>\n\t\t\t\t\t\t\t\t<div class=\"elementor-field-type-text elementor-field-group elementor-column elementor-field-group-field_cc9e8d0 elementor-col-100 elementor-md-100\">\n\t\t\t\t\t\t\t\t\t\t\t\t<label for=\"form-field-field_cc9e8d0\" class=\"elementor-field-label\">\n\t\t\t\t\t\t\t\tV\u00e1llalkoz\u00e1s neve \t\t\t\t\t\t\t<\/label>\n\t\t\t\t\t\t\t\t\t\t\t\t\t\t<input size=\"1\" type=\"text\" name=\"form_fields[field_cc9e8d0]\" id=\"form-field-field_cc9e8d0\" class=\"elementor-field elementor-size-md  elementor-field-textual\" placeholder=\"V\u00e1llalkoz\u00e1s neve \">\n\t\t\t\t\t\t\t\t\t\t\t<\/div>\n\t\t\t\t\t\t\t\t<div class=\"elementor-field-type-select elementor-field-group elementor-column elementor-field-group-field_0cfdda8 elementor-col-100 elementor-field-required elementor-mark-required\">\n\t\t\t\t\t\t\t\t\t\t\t\t<label for=\"form-field-field_0cfdda8\" class=\"elementor-field-label\">\n\t\t\t\t\t\t\t\tKapcsolatfelv\u00e9tel c\u00e9lja\t\t\t\t\t\t\t<\/label>\n\t\t\t\t\t\t\t\t<div class=\"elementor-field elementor-select-wrapper remove-before \">\n\t\t\t<div class=\"select-caret-down-wrapper\">\n\t\t\t\t<svg aria-hidden=\"true\" class=\"e-font-icon-svg e-eicon-caret-down\" viewBox=\"0 0 571.4 571.4\" xmlns=\"http:\/\/www.w3.org\/2000\/svg\"><path d=\"M571 393Q571 407 561 418L311 668Q300 679 286 679T261 668L11 418Q0 407 0 393T11 368 36 357H536Q550 357 561 368T571 393Z\"><\/path><\/svg>\t\t\t<\/div>\n\t\t\t<select name=\"form_fields[field_0cfdda8]\" id=\"form-field-field_0cfdda8\" class=\"elementor-field-textual elementor-size-md\" required=\"required\">\n\t\t\t\t\t\t\t\t\t<option value=\"M\u00e9zfelv\u00e1s\u00e1rl\u00e1s \u2013 elad\u00e1sra k\u00edn\u00e1lom a m\u00e9zem\" selected=\"selected\">M\u00e9zfelv\u00e1s\u00e1rl\u00e1s \u2013 elad\u00e1sra k\u00edn\u00e1lom a m\u00e9zem<\/option>\n\t\t\t\t\t\t\t\t\t<option value=\"Aj\u00e1nlatk\u00e9r\u00e9s v\u00e1s\u00e1rl\u00e1shoz\">Aj\u00e1nlatk\u00e9r\u00e9s v\u00e1s\u00e1rl\u00e1shoz<\/option>\n\t\t\t\t\t\t\t\t\t<option value=\"Egyedi kiszerel\u00e9s ir\u00e1nti \u00e9rdekl\u0151d\u00e9s\">Egyedi kiszerel\u00e9s ir\u00e1nti \u00e9rdekl\u0151d\u00e9s<\/option>\n\t\t\t\t\t\t\t\t\t<option value=\"Export aj\u00e1nlatk\u00e9r\u00e9s\">Export aj\u00e1nlatk\u00e9r\u00e9s<\/option>\n\t\t\t\t\t\t\t\t\t<option value=\"Egy\u00e9b megkeres\u00e9s\">Egy\u00e9b megkeres\u00e9s<\/option>\n\t\t\t\t\t\t\t<\/select>\n\t\t<\/div>\n\t\t\t\t\t\t<\/div>\n\t\t\t\t\t\t\t\t<div class=\"elementor-field-type-text elementor-field-group elementor-column elementor-field-group-field_8c8086b elementor-col-100\">\n\t\t\t\t\t\t\t\t\t\t\t\t<label for=\"form-field-field_8c8086b\" class=\"elementor-field-label\">\n\t\t\t\t\t\t\t\tTerm\u00e9kek \/ m\u00e9zfajt\u00e1k \/ csomagol\u00e1s t\u00edpusa\t\t\t\t\t\t\t<\/label>\n\t\t\t\t\t\t\t\t\t\t\t\t\t\t<input size=\"1\" type=\"text\" name=\"form_fields[field_8c8086b]\" id=\"form-field-field_8c8086b\" class=\"elementor-field elementor-size-md  elementor-field-textual\" placeholder=\"Term\u00e9kek \/ m\u00e9zfajt\u00e1k \/ csomagol\u00e1s t\u00edpusa\">\n\t\t\t\t\t\t\t\t\t\t\t<\/div>\n\t\t\t\t\t\t\t\t<div class=\"elementor-field-type-textarea elementor-field-group elementor-column elementor-field-group-message elementor-col-100 elementor-field-required elementor-mark-required\">\n\t\t\t\t\t\t\t\t\t\t\t\t<label for=\"form-field-message\" class=\"elementor-field-label\">\n\t\t\t\t\t\t\t\t\u00dczenet\t\t\t\t\t\t\t<\/label>\n\t\t\t\t\t\t<textarea class=\"elementor-field-textual elementor-field  elementor-size-md\" name=\"form_fields[message]\" id=\"form-field-message\" rows=\"4\" placeholder=\"\u00dczenet\" required=\"required\"><\/textarea>\t\t\t\t<\/div>\n\t\t\t\t\t\t\t\t<div class=\"elementor-field-type-upload elementor-field-group elementor-column elementor-field-group-field_37d18fb elementor-col-100\">\n\t\t\t\t\t\t\t\t\t\t\t\t<label for=\"form-field-field_37d18fb\" class=\"elementor-field-label\">\n\t\t\t\t\t\t\t\tF\u00e1jl felt\u00f6lt\u00e9se\t\t\t\t\t\t\t<\/label>\n\t\t\t\t\t\t\t\t<input type=\"file\" name=\"form_fields[field_37d18fb]\" id=\"form-field-field_37d18fb\" class=\"elementor-field elementor-size-md  elementor-upload-field\" data-maxsize=\"10\" data-maxsize-message=\"This file exceeds the maximum allowed size.\">\n\n\t\t\t\t\t\t<\/div>\n\t\t\t\t\t\t\t\t<div class=\"elementor-field-type-acceptance elementor-field-group elementor-column elementor-field-group-field_fc51620 elementor-col-100 elementor-field-required elementor-mark-required\">\n\t\t\t\t\t\t\t<div class=\"elementor-field-subgroup\">\n\t\t\t<span class=\"elementor-field-option\">\n\t\t\t\t<input type=\"checkbox\" name=\"form_fields[field_fc51620]\" id=\"form-field-field_fc51620\" class=\"elementor-field elementor-size-md  elementor-acceptance-field\" required=\"required\">\n\t\t\t\t<label for=\"form-field-field_fc51620\">Hozz\u00e1j\u00e1rulok, hogy a megadott adataimat a Ny\u00edrs\u00e9g M\u00e9z Kft. az \n    <a href=\"https:\/\/nyirsegmez.hu\/adatvedelmi-tajekoztato\" target=\"_blank\">adatv\u00e9delmi t\u00e1j\u00e9koztat\u00f3ban<\/a> foglaltak szerint kezelje, \u00e9s megkeressen az aj\u00e1nlatk\u00e9r\u00e9s kapcs\u00e1n.<\/label>\t\t\t<\/span>\n\t\t<\/div>\n\t\t\t\t\t\t<\/div>\n\t\t\t\t\t\t\t\t<div class=\"elementor-field-type-recaptcha elementor-field-group elementor-column elementor-field-group-field_d43b6c3 elementor-col-100\">\n\t\t\t\t\t<div class=\"elementor-field\" id=\"form-field-field_d43b6c3\"><div class=\"elementor-g-recaptcha\" data-sitekey=\"6LdmdvMqAAAAAIn7mC9oeyg9_obGTU62P9P5M3Qd\" data-type=\"v2_checkbox\" data-theme=\"light\" data-size=\"normal\"><\/div><\/div>\t\t\t\t<\/div>\n\t\t\t\t\t\t\t\t<div class=\"elementor-field-group elementor-column elementor-field-type-submit elementor-col-100 e-form__buttons\">\n\t\t\t\t\t<button class=\"elementor-button elementor-size-md\" type=\"submit\">\n\t\t\t\t\t\t<span class=\"elementor-button-content-wrapper\">\n\t\t\t\t\t\t\t\t\t\t\t\t\t\t\t\t\t\t\t\t\t\t<span class=\"elementor-button-text\">K\u00fcld\u00e9s<\/span>\n\t\t\t\t\t\t\t\t\t\t\t\t\t<\/span>\n\t\t\t\t\t<\/button>\n\t\t\t\t<\/div>\n\t\t\t<\/div>\n\t\t<\/form>\n\t\t\t\t\t\t<\/div>\n\t\t\t\t<\/div>\n\t\t\t\t\t<\/div>\n\t\t\t\t<\/div>\n\t\t<div class=\"elementor-element elementor-element-3785f49 e-con-full e-flex e-con e-parent\" data-id=\"3785f49\" data-element_type=\"container\" data-e-type=\"container\">\n\t\t\t\t<\/div>\n\t\t\t\t<\/div>\n\t\t","protected":false},"excerpt":{"rendered":"<p>M\u00e9z felv\u00e1s\u00e1rl\u00e1si \u00e1rak 2026 \u2013 Ak\u00e1c, napraforg\u00f3 \u00e9s vegyes m\u00e9z M\u00e9zfelv\u00e1s\u00e1rl\u00e1s: Ak\u00e1cm\u00e9z, Vir\u00e1gm\u00e9z, Repcem\u00e9z, Selyemk\u00f3r\u00f3 m\u00e9z, Biom\u00e9z \u00e9s vegyes m\u00e9z \u00c9rdekl\u0151dj\u00f6n legfrissebb \u00e1rainkr\u00f3l!Amennyiben m\u00e9zet k\u00edn\u00e1lna elad\u00e1sra, k\u00e9rj\u00fck, t\u00f6ltse ki az al\u00e1bbi \u0171rlapot, \u00e9s munkat\u00e1rsunk hamarosan felkeresi \u00d6nt a r\u00e9szletekkel. Ha ink\u00e1bb telefonon egyeztetne, h\u00edvjon minket bizalommal:\ud83d\udcde +36 42 282 680<\/p>","protected":false},"author":2,"featured_media":0,"parent":0,"menu_order":0,"comment_status":"closed","ping_status":"closed","template":"elementor_header_footer","meta":{"footnotes":""},"class_list":["post-1577","page","type-page","status-publish","hentry"],"_links":{"self":[{"href":"https:\/\/nyirsegmez.hu\/en\/wp-json\/wp\/v2\/pages\/1577","targetHints":{"allow":["GET"]}}],"collection":[{"href":"https:\/\/nyirsegmez.hu\/en\/wp-json\/wp\/v2\/pages"}],"about":[{"href":"https:\/\/nyirsegmez.hu\/en\/wp-json\/wp\/v2\/types\/page"}],"author":[{"embeddable":true,"href":"https:\/\/nyirsegmez.hu\/en\/wp-json\/wp\/v2\/users\/2"}],"replies":[{"embeddable":true,"href":"https:\/\/nyirsegmez.hu\/en\/wp-json\/wp\/v2\/comments?post=1577"}],"version-history":[{"count":15,"href":"https:\/\/nyirsegmez.hu\/en\/wp-json\/wp\/v2\/pages\/1577\/revisions"}],"predecessor-version":[{"id":1616,"href":"https:\/\/nyirsegmez.hu\/en\/wp-json\/wp\/v2\/pages\/1577\/revisions\/1616"}],"wp:attachment":[{"href":"https:\/\/nyirsegmez.hu\/en\/wp-json\/wp\/v2\/media?parent=1577"}],"curies":[{"name":"wp","href":"https:\/\/api.w.org\/{rel}","templated":true}]}}